{"id":9887,"date":"2016-10-15T10:33:45","date_gmt":"2016-10-15T10:33:45","guid":{"rendered":"http:\/\/webnus.net\/themes\/hotella\/athens\/?page_id=9503"},"modified":"2023-12-07T10:21:33","modified_gmt":"2023-12-07T10:21:33","slug":"wedding-events","status":"publish","type":"page","link":"https:\/\/www.sarayhotelhisaronu.com\/tr\/wedding-events\/","title":{"rendered":"D\u00fc\u011f\u00fcn"},"content":{"rendered":"<\/div><\/section><section  class=\"parallax-sec  dark  blox  page-title-x   w-top-se w-animate\" style=\" padding-top:px; padding-bottom:px;  background: url('https:\/\/www.sarayhotelhisaronu.com\/wp-content\/uploads\/2018\/06\/7.jpg') no-repeat center; background-size: cover; min-height:493px; \" data-stellar-background-ratio=\"0.8\"><div class=\"max-overlay\" style=\"background-color:\"><\/div><div data-stellar-ratio=\"1\" class=\"wpb_row vc_row-fluid\"><div class=\"container\"><div class=\"wpb_column vc_column_container vc_col-sm-12\"><div class=\"vc_column-inner\"><div class=\"wpb_wrapper\"><hr class=\"vertical-space5\"><hr class=\"vertical-space5\"><hr class=\"vertical-space1\"><h2 class=\"big-title1\">D\u00fc\u011f\u00fcnler ve Etkinlikler<\/h2>\n\t<div class=\"wpb_text_column wpb_content_element\" >\n\t\t<div class=\"wpb_wrapper\">\n\t\t\t<p>\u0130nsanlar\u0131 bir araya getiriyoruz<br \/>\nunutulmaz bir d\u00fc\u011f\u00fcn veya<br \/>\nticari toplant\u0131lar i\u00e7in<\/p>\n\n\t\t<\/div>\n\t<\/div>\n<hr class=\"vertical-space5\"><hr class=\"vertical-space5\"><\/div><\/div><\/div><\/div><\/div><\/section><section class=\"container\"><div class=\"row-wrapper-x\"><section class=\"wpb_row  aligincenter w-animate\"><div class=\"wpb_column vc_column_container vc_col-sm-12\"><div class=\"vc_column-inner\"><div class=\"wpb_wrapper\"><div class=\"vc_row wpb_row vc_inner vc_row-fluid\"><div class=\"wpb_column vc_column_container vc_col-sm-2\"><div class=\"vc_column-inner\"><div class=\"wpb_wrapper\"><\/div><\/div><\/div><div class=\"wpb_column vc_column_container vc_col-sm-8\"><div class=\"vc_column-inner\"><div class=\"wpb_wrapper\"><article class=\"title-plus-text type-1 center\" style=\"text-align:center\" ><h3 style=\"color:#73736b\">Nas\u0131l yard\u0131mc\u0131 olabiliriz?<\/h3><h2 class=\"part-1\" style=\"color:#31312c\">Kutlamalar <\/h2><h2 class=\"part-2\" style=\"color:#5aa300\">D\u00fc\u011f\u00fcn<\/h2><p>T\u00fcm romantik ruh haliniz ve hayal g\u00fcc\u00fcn\u00fcz, bu ideal d\u00fc\u011f\u00fcn\u00fcn detaylar\u0131na, gelinli\u011fe, t\u00f6renin yap\u0131laca\u011f\u0131 mekana ve resepsiyona adanm\u0131\u015ft\u0131r.<\/p><\/article><\/div><\/div><\/div><div class=\"wpb_column vc_column_container vc_col-sm-2\"><div class=\"vc_column-inner\"><div class=\"wpb_wrapper\"><\/div><\/div><\/div><\/div><hr class=\"vertical-space2\"><div class=\"vc_row wpb_row vc_inner vc_row-fluid vc_custom_1476620583959\"><div class=\"wpb_column vc_column_container vc_col-sm-6\"><div class=\"vc_column-inner\"><div class=\"wpb_wrapper\">\n\t<div  class=\"wpb_single_image wpb_content_element vc_align_left\">\n\t\t\n\t\t<figure class=\"wpb_wrapper vc_figure\">\n\t\t\t<div class=\"vc_single_image-wrapper   vc_box_border_grey\"><\/div>\n\t\t<\/figure>\n\t<\/div>\n\n\t<div class=\"wpb_text_column wpb_content_element\" >\n\t\t<div class=\"wpb_wrapper\">\n\t\t\t<h3 style=\"margin-top: 26px; font-size: 18px; font-weight: bold; text-transform: uppercase; color: #31312c;\">T\u00d6RENLER<\/h3>\n<p style=\"padding-top: 1px; font-size: 15px; font-weight: 300; color: #73736b; line-height: 2;\">For one of the most important days of your life, Saray Hotel has a team of professionals who will advise you so that you can feel comfortable and relaxed from the first moment.<\/p>\n\n\t\t<\/div>\n\t<\/div>\n<hr class=\"vertical-space5\"><\/div><\/div><\/div><div class=\"wpb_column vc_column_container vc_col-sm-6\"><div class=\"vc_column-inner\"><div class=\"wpb_wrapper\">\n\t<div  class=\"wpb_single_image wpb_content_element vc_align_left\">\n\t\t\n\t\t<figure class=\"wpb_wrapper vc_figure\">\n\t\t\t<div class=\"vc_single_image-wrapper   vc_box_border_grey\"><\/div>\n\t\t<\/figure>\n\t<\/div>\n\n\t<div class=\"wpb_text_column wpb_content_element\" >\n\t\t<div class=\"wpb_wrapper\">\n\t\t\t<h3 style=\"margin-top: 26px; font-size: 18px; font-weight: bold; text-transform: uppercase; color: #31312c;\">BALAYI<\/h3>\n<p style=\"padding-top: 1px; font-size: 15px; font-weight: 300; color: #73736b; line-height: 2;\">Yeni hayat\u0131n\u0131z\u0131n ilk g\u00fcnlerinde kahvalt\u0131 keyfi yapabilece\u011finiz davetkar alan, sonsuz mavi okyanusun b\u00fcy\u00fcleyici manzaras\u0131 ve kendinizi ayn\u0131 seviyede hissetmenizi sa\u011flayan \u00f6zel havuz.<\/p>\n\n\t\t<\/div>\n\t<\/div>\n<hr class=\"vertical-space5\"><\/div><\/div><\/div><\/div><\/div><\/div><\/div><\/section><section class=\"wpb_row   w-animate\"><div class=\"wpb_column vc_column_container vc_col-sm-12\"><div class=\"vc_column-inner\"><div class=\"wpb_wrapper\"><hr class=\"vertical-space2\"><\/div><\/div><\/div><\/section><section class=\"wpb_row   w-animate\"><div class=\"wpb_column vc_column_container vc_col-sm-12\"><div class=\"vc_column-inner\"><div class=\"wpb_wrapper\"><div  class=\"wpb_images_carousel wpb_content_element vc_clearfix\">\n\t<div class=\"wpb_wrapper\">\n\t\t\t\t<div id=\"vc_images-carousel-1-1777305113\" data-ride=\"vc_carousel\" data-wrap=\"true\" style=\"width: 1024px;\" data-interval=\"5000\" data-auto-height=\"yes\" data-mode=\"horizontal\" data-partial=\"false\" data-per-view=\"3\" data-hide-on-end=\"false\" class=\"vc_slide vc_images_carousel\">\n\t\t\t\t\t\t\t<!-- Indicators -->\n\t\t\t\t<ol class=\"vc_carousel-indicators\">\n\t\t\t\t\t\t\t\t\t\t\t<li data-target=\"#vc_images-carousel-1-1777305113\" data-slide-to=\"0\"><\/li>\n\t\t\t\t\t\t\t\t\t\t\t<li data-target=\"#vc_images-carousel-1-1777305113\" data-slide-to=\"1\"><\/li>\n\t\t\t\t\t\t\t\t\t\t\t<li data-target=\"#vc_images-carousel-1-1777305113\" data-slide-to=\"2\"><\/li>\n\t\t\t\t\t\t\t\t\t\t\t<li data-target=\"#vc_images-carousel-1-1777305113\" data-slide-to=\"3\"><\/li>\n\t\t\t\t\t\t\t\t\t\t\t<li data-target=\"#vc_images-carousel-1-1777305113\" data-slide-to=\"4\"><\/li>\n\t\t\t\t\t\t\t\t\t\t\t<li data-target=\"#vc_images-carousel-1-1777305113\" data-slide-to=\"5\"><\/li>\n\t\t\t\t\t\t\t\t\t<\/ol>\n\t\t\t\t\t\t<!-- Wrapper for slides -->\n\t\t\t<div class=\"vc_carousel-inner\">\n\t\t\t\t<div class=\"vc_carousel-slideline\">\n\t\t\t\t\t<div class=\"vc_carousel-slideline-inner\">\n\t\t\t\t\t\t\t\t\t\t\t\t\t\t\t\t\t\t\t\t<div class=\"vc_item\">\n\t\t\t\t\t\t\t\t<div class=\"vc_inner\">\n\t\t\t\t\t\t\t\t\t\t\t\t\t\t\t\t\t\t\t\t\t\t\t\t\t\t\t\t\t<a class=\"prettyphoto\" href=\"https:\/\/www.sarayhotelhisaronu.com\/wp-content\/uploads\/2018\/06\/23.jpg\"  data-rel=\"prettyPhoto[rel-9887-1761400964]\">\n\t\t\t\t\t\t\t\t\t\t\t<img decoding=\"async\" width=\"800\" height=\"532\" src=\"https:\/\/www.sarayhotelhisaronu.com\/wp-content\/uploads\/2018\/06\/23.jpg\" class=\"attachment-large\" alt=\"\" srcset=\"https:\/\/www.sarayhotelhisaronu.com\/wp-content\/uploads\/2018\/06\/23.jpg 800w, https:\/\/www.sarayhotelhisaronu.com\/wp-content\/uploads\/2018\/06\/23-300x200.jpg 300w, https:\/\/www.sarayhotelhisaronu.com\/wp-content\/uploads\/2018\/06\/23-768x511.jpg 768w, https:\/\/www.sarayhotelhisaronu.com\/wp-content\/uploads\/2018\/06\/23-500x333.jpg 500w, https:\/\/www.sarayhotelhisaronu.com\/wp-content\/uploads\/2018\/06\/23-600x400.jpg 600w, https:\/\/www.sarayhotelhisaronu.com\/wp-content\/uploads\/2018\/06\/23-420x280.jpg 420w, https:\/\/www.sarayhotelhisaronu.com\/wp-content\/uploads\/2018\/06\/23-690x460.jpg 690w\" sizes=\"(max-width: 800px) 100vw, 800px\" \/>\t\t\t\t\t\t\t\t\t\t<\/a>\n\t\t\t\t\t\t\t\t\t\t\t\t\t\t\t\t\t<\/div>\n\t\t\t\t\t\t\t<\/div>\n\t\t\t\t\t\t\t\t\t\t\t\t\t\t\t\t\t\t\t\t<div class=\"vc_item\">\n\t\t\t\t\t\t\t\t<div class=\"vc_inner\">\n\t\t\t\t\t\t\t\t\t\t\t\t\t\t\t\t\t\t\t\t\t\t\t\t\t\t\t\t\t<a class=\"prettyphoto\" href=\"https:\/\/www.sarayhotelhisaronu.com\/wp-content\/uploads\/2018\/06\/24.jpg\"  data-rel=\"prettyPhoto[rel-9887-1761400964]\">\n\t\t\t\t\t\t\t\t\t\t\t<img decoding=\"async\" width=\"800\" height=\"532\" src=\"https:\/\/www.sarayhotelhisaronu.com\/wp-content\/uploads\/2018\/06\/24.jpg\" class=\"attachment-large\" alt=\"\" srcset=\"https:\/\/www.sarayhotelhisaronu.com\/wp-content\/uploads\/2018\/06\/24.jpg 800w, https:\/\/www.sarayhotelhisaronu.com\/wp-content\/uploads\/2018\/06\/24-300x200.jpg 300w, https:\/\/www.sarayhotelhisaronu.com\/wp-content\/uploads\/2018\/06\/24-768x511.jpg 768w, https:\/\/www.sarayhotelhisaronu.com\/wp-content\/uploads\/2018\/06\/24-500x333.jpg 500w, https:\/\/www.sarayhotelhisaronu.com\/wp-content\/uploads\/2018\/06\/24-600x400.jpg 600w, https:\/\/www.sarayhotelhisaronu.com\/wp-content\/uploads\/2018\/06\/24-420x280.jpg 420w, https:\/\/www.sarayhotelhisaronu.com\/wp-content\/uploads\/2018\/06\/24-690x460.jpg 690w\" sizes=\"(max-width: 800px) 100vw, 800px\" \/>\t\t\t\t\t\t\t\t\t\t<\/a>\n\t\t\t\t\t\t\t\t\t\t\t\t\t\t\t\t\t<\/div>\n\t\t\t\t\t\t\t<\/div>\n\t\t\t\t\t\t\t\t\t\t\t\t\t\t\t\t\t\t\t\t<div class=\"vc_item\">\n\t\t\t\t\t\t\t\t<div class=\"vc_inner\">\n\t\t\t\t\t\t\t\t\t\t\t\t\t\t\t\t\t\t\t\t\t\t\t\t\t\t\t\t\t<a class=\"prettyphoto\" href=\"https:\/\/www.sarayhotelhisaronu.com\/wp-content\/uploads\/2018\/06\/22.jpg\"  data-rel=\"prettyPhoto[rel-9887-1761400964]\">\n\t\t\t\t\t\t\t\t\t\t\t<img decoding=\"async\" width=\"800\" height=\"532\" src=\"https:\/\/www.sarayhotelhisaronu.com\/wp-content\/uploads\/2018\/06\/22.jpg\" class=\"attachment-large\" alt=\"\" srcset=\"https:\/\/www.sarayhotelhisaronu.com\/wp-content\/uploads\/2018\/06\/22.jpg 800w, https:\/\/www.sarayhotelhisaronu.com\/wp-content\/uploads\/2018\/06\/22-300x200.jpg 300w, https:\/\/www.sarayhotelhisaronu.com\/wp-content\/uploads\/2018\/06\/22-768x511.jpg 768w, https:\/\/www.sarayhotelhisaronu.com\/wp-content\/uploads\/2018\/06\/22-500x333.jpg 500w, https:\/\/www.sarayhotelhisaronu.com\/wp-content\/uploads\/2018\/06\/22-600x400.jpg 600w, https:\/\/www.sarayhotelhisaronu.com\/wp-content\/uploads\/2018\/06\/22-420x280.jpg 420w, https:\/\/www.sarayhotelhisaronu.com\/wp-content\/uploads\/2018\/06\/22-690x460.jpg 690w\" sizes=\"(max-width: 800px) 100vw, 800px\" \/>\t\t\t\t\t\t\t\t\t\t<\/a>\n\t\t\t\t\t\t\t\t\t\t\t\t\t\t\t\t\t<\/div>\n\t\t\t\t\t\t\t<\/div>\n\t\t\t\t\t\t\t\t\t\t\t\t\t\t\t\t\t\t\t\t<div class=\"vc_item\">\n\t\t\t\t\t\t\t\t<div class=\"vc_inner\">\n\t\t\t\t\t\t\t\t\t\t\t\t\t\t\t\t\t\t\t\t\t\t\t\t\t\t\t\t\t<a class=\"prettyphoto\" href=\"https:\/\/www.sarayhotelhisaronu.com\/wp-content\/uploads\/2018\/06\/20.jpg\"  data-rel=\"prettyPhoto[rel-9887-1761400964]\">\n\t\t\t\t\t\t\t\t\t\t\t<img decoding=\"async\" width=\"800\" height=\"532\" src=\"https:\/\/www.sarayhotelhisaronu.com\/wp-content\/uploads\/2018\/06\/20.jpg\" class=\"attachment-large\" alt=\"\" srcset=\"https:\/\/www.sarayhotelhisaronu.com\/wp-content\/uploads\/2018\/06\/20.jpg 800w, https:\/\/www.sarayhotelhisaronu.com\/wp-content\/uploads\/2018\/06\/20-300x200.jpg 300w, https:\/\/www.sarayhotelhisaronu.com\/wp-content\/uploads\/2018\/06\/20-768x511.jpg 768w, https:\/\/www.sarayhotelhisaronu.com\/wp-content\/uploads\/2018\/06\/20-500x333.jpg 500w, https:\/\/www.sarayhotelhisaronu.com\/wp-content\/uploads\/2018\/06\/20-600x400.jpg 600w, https:\/\/www.sarayhotelhisaronu.com\/wp-content\/uploads\/2018\/06\/20-420x280.jpg 420w, https:\/\/www.sarayhotelhisaronu.com\/wp-content\/uploads\/2018\/06\/20-690x460.jpg 690w\" sizes=\"(max-width: 800px) 100vw, 800px\" \/>\t\t\t\t\t\t\t\t\t\t<\/a>\n\t\t\t\t\t\t\t\t\t\t\t\t\t\t\t\t\t<\/div>\n\t\t\t\t\t\t\t<\/div>\n\t\t\t\t\t\t\t\t\t\t\t\t\t\t\t\t\t\t\t\t<div class=\"vc_item\">\n\t\t\t\t\t\t\t\t<div class=\"vc_inner\">\n\t\t\t\t\t\t\t\t\t\t\t\t\t\t\t\t\t\t\t\t\t\t\t\t\t\t\t\t\t<a class=\"prettyphoto\" href=\"https:\/\/www.sarayhotelhisaronu.com\/wp-content\/uploads\/2018\/06\/19.jpg\"  data-rel=\"prettyPhoto[rel-9887-1761400964]\">\n\t\t\t\t\t\t\t\t\t\t\t<img decoding=\"async\" width=\"800\" height=\"532\" src=\"https:\/\/www.sarayhotelhisaronu.com\/wp-content\/uploads\/2018\/06\/19.jpg\" class=\"attachment-large\" alt=\"\" srcset=\"https:\/\/www.sarayhotelhisaronu.com\/wp-content\/uploads\/2018\/06\/19.jpg 800w, https:\/\/www.sarayhotelhisaronu.com\/wp-content\/uploads\/2018\/06\/19-300x200.jpg 300w, https:\/\/www.sarayhotelhisaronu.com\/wp-content\/uploads\/2018\/06\/19-768x511.jpg 768w, https:\/\/www.sarayhotelhisaronu.com\/wp-content\/uploads\/2018\/06\/19-500x333.jpg 500w, https:\/\/www.sarayhotelhisaronu.com\/wp-content\/uploads\/2018\/06\/19-600x400.jpg 600w, https:\/\/www.sarayhotelhisaronu.com\/wp-content\/uploads\/2018\/06\/19-420x280.jpg 420w, https:\/\/www.sarayhotelhisaronu.com\/wp-content\/uploads\/2018\/06\/19-690x460.jpg 690w\" sizes=\"(max-width: 800px) 100vw, 800px\" \/>\t\t\t\t\t\t\t\t\t\t<\/a>\n\t\t\t\t\t\t\t\t\t\t\t\t\t\t\t\t\t<\/div>\n\t\t\t\t\t\t\t<\/div>\n\t\t\t\t\t\t\t\t\t\t\t\t\t\t\t\t\t\t\t\t<div class=\"vc_item\">\n\t\t\t\t\t\t\t\t<div class=\"vc_inner\">\n\t\t\t\t\t\t\t\t\t\t\t\t\t\t\t\t\t\t\t\t\t\t\t\t\t\t\t\t\t<a class=\"prettyphoto\" href=\"https:\/\/www.sarayhotelhisaronu.com\/wp-content\/uploads\/2018\/06\/18.jpg\"  data-rel=\"prettyPhoto[rel-9887-1761400964]\">\n\t\t\t\t\t\t\t\t\t\t\t<img decoding=\"async\" width=\"800\" height=\"532\" src=\"https:\/\/www.sarayhotelhisaronu.com\/wp-content\/uploads\/2018\/06\/18.jpg\" class=\"attachment-large\" alt=\"\" srcset=\"https:\/\/www.sarayhotelhisaronu.com\/wp-content\/uploads\/2018\/06\/18.jpg 800w, https:\/\/www.sarayhotelhisaronu.com\/wp-content\/uploads\/2018\/06\/18-300x200.jpg 300w, https:\/\/www.sarayhotelhisaronu.com\/wp-content\/uploads\/2018\/06\/18-768x511.jpg 768w, https:\/\/www.sarayhotelhisaronu.com\/wp-content\/uploads\/2018\/06\/18-500x333.jpg 500w, https:\/\/www.sarayhotelhisaronu.com\/wp-content\/uploads\/2018\/06\/18-600x400.jpg 600w, https:\/\/www.sarayhotelhisaronu.com\/wp-content\/uploads\/2018\/06\/18-420x280.jpg 420w, https:\/\/www.sarayhotelhisaronu.com\/wp-content\/uploads\/2018\/06\/18-690x460.jpg 690w\" sizes=\"(max-width: 800px) 100vw, 800px\" \/>\t\t\t\t\t\t\t\t\t\t<\/a>\n\t\t\t\t\t\t\t\t\t\t\t\t\t\t\t\t\t<\/div>\n\t\t\t\t\t\t\t<\/div>\n\t\t\t\t\t\t\t\t\t\t\t<\/div>\n\t\t\t\t<\/div>\n\t\t\t<\/div>\n\t\t\t\t\t\t\t<!-- Controls -->\n\t\t\t\t<a class=\"vc_left vc_carousel-control\" href=\"#vc_images-carousel-1-1777305113\" data-slide=\"prev\">\n\t\t\t\t\t<span class=\"icon-prev\"><\/span>\n\t\t\t\t<\/a>\n\t\t\t\t<a class=\"vc_right vc_carousel-control\" href=\"#vc_images-carousel-1-1777305113\" data-slide=\"next\">\n\t\t\t\t\t<span class=\"icon-next\"><\/span>\n\t\t\t\t<\/a>\n\t\t\t\t\t<\/div>\n\t<\/div>\n<\/div>\n<\/div><\/div><\/div><\/section>","protected":false},"excerpt":{"rendered":"Weddings &amp; Events We bring people together for a unforgetable wedding or commercial meetings How we can helpTo Celebrate WeddingsAll your romantic mood and imagination is devoted to the details of this ideal wedding, the wedding gown, the venue of the ceremony and the reception. CEREMONIES For one of the most important days of your life, Saray Hotel has a team of professionals who will advise you so that you can feel comfortable and relaxed from the first moment. honeymoon The inviting space to enjoy breakfast on the first days of your new life, the enchanting views of the infinite blue ocean, and the private pool which gives you a sense of being on the same level.","protected":false},"author":1,"featured_media":0,"parent":0,"menu_order":0,"comment_status":"closed","ping_status":"closed","template":"","meta":{"footnotes":""},"_links":{"self":[{"href":"https:\/\/www.sarayhotelhisaronu.com\/tr\/wp-json\/wp\/v2\/pages\/9887"}],"collection":[{"href":"https:\/\/www.sarayhotelhisaronu.com\/tr\/wp-json\/wp\/v2\/pages"}],"about":[{"href":"https:\/\/www.sarayhotelhisaronu.com\/tr\/wp-json\/wp\/v2\/types\/page"}],"author":[{"embeddable":true,"href":"https:\/\/www.sarayhotelhisaronu.com\/tr\/wp-json\/wp\/v2\/users\/1"}],"replies":[{"embeddable":true,"href":"https:\/\/www.sarayhotelhisaronu.com\/tr\/wp-json\/wp\/v2\/comments?post=9887"}],"version-history":[{"count":3,"href":"https:\/\/www.sarayhotelhisaronu.com\/tr\/wp-json\/wp\/v2\/pages\/9887\/revisions"}],"predecessor-version":[{"id":12721,"href":"https:\/\/www.sarayhotelhisaronu.com\/tr\/wp-json\/wp\/v2\/pages\/9887\/revisions\/12721"}],"wp:attachment":[{"href":"https:\/\/www.sarayhotelhisaronu.com\/tr\/wp-json\/wp\/v2\/media?parent=9887"}],"curies":[{"name":"wp","href":"https:\/\/api.w.org\/{rel}","templated":true}]}}