{"id":968,"date":"2016-10-10T11:11:15","date_gmt":"2016-10-10T11:11:15","guid":{"rendered":"http:\/\/webnus.net\/themes\/hotella\/athens\/?page_id=968"},"modified":"2023-12-07T10:29:34","modified_gmt":"2023-12-07T10:29:34","slug":"resturant-bar","status":"publish","type":"page","link":"https:\/\/www.sarayhotelhisaronu.com\/tr\/resturant-bar\/","title":{"rendered":"Resturant &#038; Bar"},"content":{"rendered":"<\/div><\/section><section  class=\"parallax-sec  dark  blox  page-title-x   w-top-se w-animate\" style=\" padding-top:px; padding-bottom:px;  background: url('https:\/\/www.sarayhotelhisaronu.com\/wp-content\/uploads\/2018\/06\/b_0212.jpg') no-repeat center; background-size: cover; min-height:493px; \" data-stellar-background-ratio=\"0.8\"><div class=\"max-overlay\" style=\"background-color:\"><\/div><div data-stellar-ratio=\"1\" class=\"wpb_row vc_row-fluid\"><div class=\"container\"><div class=\"wpb_column vc_column_container vc_col-sm-12\"><div class=\"vc_column-inner\"><div class=\"wpb_wrapper\"><hr class=\"vertical-space5\"><hr class=\"vertical-space5\"><hr class=\"vertical-space1\"><h2 class=\"big-title1\">Restaurant &amp; Bar<\/h2>\n\t<div class=\"wpb_text_column wpb_content_element\" >\n\t\t<div class=\"wpb_wrapper\">\n\t\t\t<p>Saray otelde yemek<br \/>\nhat\u0131rlanacak deneyim<br \/>\n\u00f6zel men\u00fc<\/p>\n\n\t\t<\/div>\n\t<\/div>\n<hr class=\"vertical-space5\"><\/div><\/div><\/div><\/div><\/div><\/section><section class=\"container\"><div class=\"row-wrapper-x\"><section class=\"wpb_row   w-animate\"><div class=\"wpb_column vc_column_container vc_col-sm-12\"><div class=\"vc_column-inner\"><div class=\"wpb_wrapper\"><hr class=\"vertical-space2\"><div class=\"vc_row wpb_row vc_inner vc_row-fluid\"><div class=\"wpb_column vc_column_container vc_col-sm-2\"><div class=\"vc_column-inner\"><div class=\"wpb_wrapper\"><\/div><\/div><\/div><div class=\"wpb_column vc_column_container vc_col-sm-8\"><div class=\"vc_column-inner\"><div class=\"wpb_wrapper\"><article class=\"title-plus-text type-1 center\" style=\"text-align:center\" ><h3 style=\"color:#73736b\">Otelimizde T\u00fcrk Mutfa\u011f\u0131 bulunmaktad\u0131r. <\/h3><h2 class=\"part-1\" style=\"color:#31312c\">Men\u00fcn\u00fcn tad\u0131n\u0131 \u00e7\u0131kar\u0131n <\/h2><h2 class=\"part-2\" style=\"color:#5aa300\">Restaurant<\/h2><p>Saray Hotel'in restoran\u0131 tesis misafirlerine kahvalt\u0131, \u00f6\u011fle yeme\u011fi ve ak\u015fam yeme\u011fi i\u00e7in a\u00e7\u0131kt\u0131r.<\/p><\/article><\/div><\/div><\/div><div class=\"wpb_column vc_column_container vc_col-sm-2\"><div class=\"vc_column-inner\"><div class=\"wpb_wrapper\"><\/div><\/div><\/div><\/div><\/div><\/div><\/div><\/section><section class=\"wpb_row   w-animate\"><div class=\"wpb_column vc_column_container vc_col-sm-12\"><div class=\"vc_column-inner vc_custom_1476344765291\"><div class=\"wpb_wrapper\"><div class=\"vc_row wpb_row vc_inner vc_row-fluid\"><div class=\"wpb_column vc_column_container vc_col-sm-6\"><div class=\"vc_column-inner\"><div class=\"wpb_wrapper\">\n\t<div  class=\"wpb_single_image wpb_content_element vc_align_center\">\n\t\t\n\t\t<figure class=\"wpb_wrapper vc_figure\">\n\t\t\t<div class=\"vc_single_image-wrapper   vc_box_border_grey\"><img decoding=\"async\" width=\"1620\" height=\"1080\" src=\"https:\/\/www.sarayhotelhisaronu.com\/wp-content\/uploads\/2018\/06\/IMG_0194.jpg\" class=\"vc_single_image-img attachment-full\" alt=\"\" srcset=\"https:\/\/www.sarayhotelhisaronu.com\/wp-content\/uploads\/2018\/06\/IMG_0194.jpg 1620w, https:\/\/www.sarayhotelhisaronu.com\/wp-content\/uploads\/2018\/06\/IMG_0194-300x200.jpg 300w, https:\/\/www.sarayhotelhisaronu.com\/wp-content\/uploads\/2018\/06\/IMG_0194-768x512.jpg 768w, https:\/\/www.sarayhotelhisaronu.com\/wp-content\/uploads\/2018\/06\/IMG_0194-1024x683.jpg 1024w, https:\/\/www.sarayhotelhisaronu.com\/wp-content\/uploads\/2018\/06\/IMG_0194-500x333.jpg 500w, https:\/\/www.sarayhotelhisaronu.com\/wp-content\/uploads\/2018\/06\/IMG_0194-600x400.jpg 600w, https:\/\/www.sarayhotelhisaronu.com\/wp-content\/uploads\/2018\/06\/IMG_0194-420x280.jpg 420w, https:\/\/www.sarayhotelhisaronu.com\/wp-content\/uploads\/2018\/06\/IMG_0194-690x460.jpg 690w\" sizes=\"(max-width: 1620px) 100vw, 1620px\" \/><\/div>\n\t\t<\/figure>\n\t<\/div>\n<\/div><\/div><\/div><div class=\"wpb_column vc_column_container vc_col-sm-6\"><div class=\"vc_column-inner\"><div class=\"wpb_wrapper\"><hr class=\"vertical-space1\">\n\t<div class=\"wpb_text_column wpb_content_element\" >\n\t\t<div class=\"wpb_wrapper\">\n\t\t\t<h4 style=\"letter-spacing: -1px; font-weight: 600; font-size: 18px;\">E\u011flenceli bir ger\u00e7ek olarak yeme\u011fe nas\u0131l bak\u0131yoruz?<\/h4>\n<p style=\"font-size: 15px; font-weight: 300;\">Restoran\u0131m\u0131za ho\u015f geldiniz. Burada g\u0131da kalitesine ili\u015fkin vizyonumuzu, m\u00fc\u015fteri memnuniyetine ili\u015fkin misyonumuzu ve sizlere sundu\u011fumuz hizmetleri tan\u0131tmaya \u00e7al\u0131\u015f\u0131yoruz.<\/p>\n<p>Otelimizde T\u00fcrk Mutfa\u011f\u0131 bulunmaktad\u0131r.<\/p>\n<p class=\" translation-block\">T\u00fcm\u00a0<span class=\"searchHit\">barlara<\/span> ve\u00a0<span class=\"searchHit\">restoranlara<\/span>\u00a0yak\u0131n, ancak g\u00fcr\u00fclt\u00fcy\u00fc duymayacak kadar da uzakta<\/p>\n\n\t\t<\/div>\n\t<\/div>\n\n\t\t\t<div class=\"testimonial5\">\n\t\t\t\t<div class=\"testimonial-content\">\n\t\t\t\t\t<q style=\"background:#00b1cd;\" > \u201cYeme\u011fi seven herkese tutku ve sevgi. Taze, h\u0131zl\u0131 ve lezzetli yemek hedefiyle arkada\u015flar ve aileler i\u00e7in bir yer.\u201d <\/q>\n\t\t\t\t\t<span style=\"border-top-color:#00b1cd;\"  class=\"triangle\" ><\/span>\n\t\t\t\t\t<div class=\"name\"> Saray Hotel <\/div>\n\t\t\t\t\t<div class=\"job\"> , \u015eef  <\/div>\n\t\t\t\t<\/div>\n\t\t\t<\/div>\n\t<\/div><\/div><\/div><\/div><\/div><\/div><\/div><\/section><\/div><\/section><section class=\"blox  dark     aligncenter w-information-se w-local-ba-ne w-animate\" style=\" padding-top:px; padding-bottom:px;  background: url('https:\/\/www.sarayhotelhisaronu.com\/wp-content\/uploads\/2018\/06\/IMG_0219.jpg') no-repeat ; background-position: center center;background-size: cover; min-height:500px; \"><div class=\"max-overlay\" style=\"background-color:\"><\/div><div class=\"wpb_row vc_row-fluid full-row\"><div class=\"container\"><div class=\"wpb_column vc_column_container vc_col-sm-12\"><div class=\"vc_column-inner\"><div class=\"wpb_wrapper\"><hr class=\"vertical-space4\"><hr class=\"vertical-space2\"><div class=\"vc_row wpb_row vc_inner vc_row-fluid\"><div class=\"wpb_column vc_column_container vc_col-sm-1\"><div class=\"vc_column-inner\"><div class=\"wpb_wrapper\"><\/div><\/div><\/div><div class=\"wpb_column vc_column_container vc_col-sm-10\"><div class=\"vc_column-inner\"><div class=\"wpb_wrapper\">\n\t<div class=\"wpb_text_column wpb_content_element\" >\n\t\t<div class=\"wpb_wrapper\">\n\t\t\t<h4 class=\"w-local-h\" style=\"text-align: center;\">Rezervasyon \u0130\u00e7in +90 252 616 7399'u Aray\u0131n<\/h4>\n<p><span style=\"text-align: center;\">Saray Otel'de harika olan tek \u015fey yemeklerimiz de\u011fil, e\u011flencemiz de! Dans\u00e7\u0131lar\u0131m\u0131zdan m\u00fczik kutumuza ve g\u00fcler y\u00fczl\u00fc sunucular\u0131m\u0131za kadar otelimizde ge\u00e7irdi\u011finiz her saniyenin tad\u0131n\u0131 \u00e7\u0131karacaks\u0131n\u0131z.<\/span><\/p>\n\n\t\t<\/div>\n\t<\/div>\n<\/div><\/div><\/div><div class=\"wpb_column vc_column_container vc_col-sm-1\"><div class=\"vc_column-inner\"><div class=\"wpb_wrapper\"><\/div><\/div><\/div><\/div><\/div><\/div><\/div><\/div><\/div><\/section><section class=\"container\"><div class=\"row-wrapper-x\"><section class=\"wpb_row   w-animate\"><div class=\"wpb_column vc_column_container vc_col-sm-2\"><div class=\"vc_column-inner\"><div class=\"wpb_wrapper\"><\/div><\/div><\/div><div class=\"wpb_column vc_column_container vc_col-sm-8\"><div class=\"vc_column-inner\"><div class=\"wpb_wrapper\"><hr class=\"vertical-space3\"><hr class=\"vertical-space2\"><article class=\"title-plus-text type-1 center\" style=\"text-align:center\" ><h3 style=\"color:#73736b\">\u0130\u00e7me zaman\u0131 geldi<\/h3><h2 class=\"part-1\" style=\"color:#31312c\">Ka\u00e7\u0131rmay\u0131n<\/h2><h2 class=\"part-2\" style=\"color:#5aa300\"> Bar<\/h2><p>Saray Hotel'de s\u00fcrekli de\u011fi\u015fen muhte\u015fem kokteyl \u00e7e\u015fitleri sunulmaktad\u0131r. Saray Bar hem ki\u015fili\u011fi hem de miksolojisi birinci s\u0131n\u0131f olan bir bard\u0131r.<\/p><\/article><\/div><\/div><\/div><div class=\"wpb_column vc_column_container vc_col-sm-2\"><div class=\"vc_column-inner\"><div class=\"wpb_wrapper\"><\/div><\/div><\/div><\/section><section class=\"wpb_row   w-animate\"><div class=\"wpb_column vc_column_container vc_col-sm-12\"><div class=\"vc_column-inner\"><div class=\"wpb_wrapper\">\n\t<div  class=\"wpb_single_image wpb_content_element vc_align_center\">\n\t\t\n\t\t<figure class=\"wpb_wrapper vc_figure\">\n\t\t\t<div class=\"vc_single_image-wrapper   vc_box_border_grey\"><img decoding=\"async\" width=\"1400\" height=\"708\" src=\"https:\/\/www.sarayhotelhisaronu.com\/wp-content\/uploads\/2018\/06\/s25.jpg\" class=\"vc_single_image-img attachment-full\" alt=\"\" srcset=\"https:\/\/www.sarayhotelhisaronu.com\/wp-content\/uploads\/2018\/06\/s25.jpg 1400w, https:\/\/www.sarayhotelhisaronu.com\/wp-content\/uploads\/2018\/06\/s25-300x152.jpg 300w, https:\/\/www.sarayhotelhisaronu.com\/wp-content\/uploads\/2018\/06\/s25-768x388.jpg 768w, https:\/\/www.sarayhotelhisaronu.com\/wp-content\/uploads\/2018\/06\/s25-1024x518.jpg 1024w, https:\/\/www.sarayhotelhisaronu.com\/wp-content\/uploads\/2018\/06\/s25-500x253.jpg 500w\" sizes=\"(max-width: 1400px) 100vw, 1400px\" \/><\/div>\n\t\t<\/figure>\n\t<\/div>\n<\/div><\/div><\/div><\/section><\/div><\/section><section  class=\"parallax-sec  dark  blox     aligncenter w-information-se w-animate\" style=\" padding-top:px; padding-bottom:px;  background: url('https:\/\/www.sarayhotelhisaronu.com\/wp-content\/uploads\/2018\/06\/415_hisaronu_timeout.jpg') no-repeat center; background-size: cover; min-height:613px; \" data-stellar-background-ratio=\"0.8\"><div class=\"max-overlay\" style=\"background-color:\"><\/div><div data-stellar-ratio=\"1\" class=\"wpb_row vc_row-fluid\"><div class=\"container\"><div class=\"wpb_column vc_column_container vc_col-sm-12\"><div class=\"vc_column-inner\"><div class=\"wpb_wrapper\"><hr class=\"vertical-space5\"><hr class=\"vertical-space5\"><div class=\"vc_row wpb_row vc_inner vc_row-fluid\"><div class=\"wpb_column vc_column_container vc_col-sm-3\"><div class=\"vc_column-inner\"><div class=\"wpb_wrapper\"><\/div><\/div><\/div><div class=\"wpb_column vc_column_container vc_col-sm-6\"><div class=\"vc_column-inner\"><div class=\"wpb_wrapper\">\n\t<div class=\"wpb_text_column wpb_content_element\" >\n\t\t<div class=\"wpb_wrapper\">\n\t\t\t<h4 style=\"text-align: center;\">Nightlife<\/h4>\n<p style=\"text-align: center;\">Hisar\u00f6n\u00fc ve \u00d6l\u00fcdeniz gece hayat\u0131yla hakl\u0131 olarak tan\u0131n\u0131yor. Bunun anlam\u0131 ister sofistike kokteyl mekanlar\u0131, ister samimi dal\u0131\u015f barlar\u0131 ya da \u015fi\u015fe servisi olsun.<\/p>\n\n\t\t<\/div>\n\t<\/div>\n<\/div><\/div><\/div><div class=\"wpb_column vc_column_container vc_col-sm-3\"><div class=\"vc_column-inner\"><div class=\"wpb_wrapper\"><\/div><\/div><\/div><\/div><hr class=\"vertical-space5\"><\/div><\/div><\/div><\/div><\/div><\/section><section class=\"container\"><div class=\"row-wrapper-x\">","protected":false},"excerpt":{"rendered":"Restaurant &amp; Bar Dining in Saray hotel is an experience to rememebr by our especial menu. Our hotel has Turkish Cuisine Enjoy menu of RestaurantThe Restaurant at Saray Hotel is open for breakfast, lunch and dinner for resort guests. How we look at food as a fun fact Welcome to our restaurant. Here we try to share our vision about food quality, our mission about customer\u2019s satisfaction and introducing services that we provide for each one of you. Our hotel has Turkish Cuisine Close to all the\u00a0bars\u00a0and\u00a0restaurants\u00a0but far enough away not to hear the noise \u201cPassion and love for anyone who loves food. A place for friends and families with a goal of fresh, fast and tasty food.\u201d Saray Hotel , chef Call +90 252 616 7399 For Reservation Our food\u2019s not the only thing that\u2019s awesome at the Saray Hotel \u2014 our fun is too! From our line dancers to\u00a0our jukebox to our friendly servers, you\u2019ll enjoy every second you spend in our hotel. It\u2019s time to drinkDon\u2019t miss our BarThe Saray Hotel offers a constantly changing fare of spectacular cocktails. The Saray Bar is a bar with both personality and mixology of top class. Nightlife Hisaronu &amp; Oludeniz is rightfully known for its nightlife. Whether that means sophisticated cocktail dens, friendly dive bars or bottle-service.","protected":false},"author":1,"featured_media":0,"parent":0,"menu_order":0,"comment_status":"closed","ping_status":"closed","template":"","meta":{"footnotes":""},"_links":{"self":[{"href":"https:\/\/www.sarayhotelhisaronu.com\/tr\/wp-json\/wp\/v2\/pages\/968"}],"collection":[{"href":"https:\/\/www.sarayhotelhisaronu.com\/tr\/wp-json\/wp\/v2\/pages"}],"about":[{"href":"https:\/\/www.sarayhotelhisaronu.com\/tr\/wp-json\/wp\/v2\/types\/page"}],"author":[{"embeddable":true,"href":"https:\/\/www.sarayhotelhisaronu.com\/tr\/wp-json\/wp\/v2\/users\/1"}],"replies":[{"embeddable":true,"href":"https:\/\/www.sarayhotelhisaronu.com\/tr\/wp-json\/wp\/v2\/comments?post=968"}],"version-history":[{"count":3,"href":"https:\/\/www.sarayhotelhisaronu.com\/tr\/wp-json\/wp\/v2\/pages\/968\/revisions"}],"predecessor-version":[{"id":12723,"href":"https:\/\/www.sarayhotelhisaronu.com\/tr\/wp-json\/wp\/v2\/pages\/968\/revisions\/12723"}],"wp:attachment":[{"href":"https:\/\/www.sarayhotelhisaronu.com\/tr\/wp-json\/wp\/v2\/media?parent=968"}],"curies":[{"name":"wp","href":"https:\/\/api.w.org\/{rel}","templated":true}]}}