{"id":339,"date":"2016-09-13T11:48:17","date_gmt":"2016-09-13T11:48:17","guid":{"rendered":"http:\/\/webnus.net\/themes\/hotella-new\/athens\/?page_id=339"},"modified":"2023-12-07T10:03:14","modified_gmt":"2023-12-07T10:03:14","slug":"local","status":"publish","type":"page","link":"https:\/\/www.sarayhotelhisaronu.com\/tr\/local\/","title":{"rendered":"Local"},"content":{"rendered":"<\/div><\/section><section  class=\"parallax-sec  dark  blox  page-title-x   w-top-se w-animate\" style=\" padding-top:px; padding-bottom:px;  background: url('https:\/\/www.sarayhotelhisaronu.com\/wp-content\/uploads\/2018\/06\/oludeniz-strand1.jpg') no-repeat center; background-size: cover; min-height:495px; \" data-stellar-background-ratio=\"0.8\"><div class=\"max-overlay\" style=\"background-color:\"><\/div><div data-stellar-ratio=\"1\" class=\"wpb_row vc_row-fluid\"><div class=\"container\"><div class=\"wpb_column vc_column_container vc_col-sm-12\"><div class=\"vc_column-inner\"><div class=\"wpb_wrapper\"><hr class=\"vertical-space5\"><hr class=\"vertical-space5\"><hr class=\"vertical-space1\"><h2 class=\"big-title1\">Yerel turistik yerler<\/h2>\n\t<div class=\"wpb_text_column wpb_content_element\" >\n\t\t<div class=\"wpb_wrapper\">\n\t\t\t<p>G\u00fcnl\u00fck turlar\u0131m\u0131za kat\u0131l\u0131n<br \/>\nHisar\u00f6n\u00fc'n\u00fcn tad\u0131n\u0131 \u00e7\u0131kar\u0131n<br \/>\nYerel turistik yerler<\/p>\n\n\t\t<\/div>\n\t<\/div>\n<hr class=\"vertical-space5\"><hr class=\"vertical-space5\"><\/div><\/div><\/div><\/div><\/div><\/section><section class=\"container\"><div class=\"row-wrapper-x\"><\/div><\/section><section  class=\"parallax-sec  dark  blox     aligncenter w-information-se w-animate\" style=\" padding-top:px; padding-bottom:px;  background: url('https:\/\/www.sarayhotelhisaronu.com\/wp-content\/uploads\/2018\/06\/ingilizler-yabancilik-cekmesinJcEJ7lH5IEuK5zLDJ5_kgA.jpg') no-repeat center; background-size: cover; min-height:500px; \" data-stellar-background-ratio=\"0.8\"><div class=\"max-overlay\" style=\"background-color:\"><\/div><div data-stellar-ratio=\"1\" class=\"wpb_row vc_row-fluid\"><div class=\"container\"><div class=\"wpb_column vc_column_container vc_col-sm-12\"><div class=\"vc_column-inner\"><div class=\"wpb_wrapper\"><hr class=\"vertical-space5\"><hr class=\"vertical-space1\"><div class=\"vc_row wpb_row vc_inner vc_row-fluid\"><div class=\"wpb_column vc_column_container vc_col-sm-1\"><div class=\"vc_column-inner\"><div class=\"wpb_wrapper\"><\/div><\/div><\/div><div class=\"wpb_column vc_column_container vc_col-sm-10\"><div class=\"vc_column-inner\"><div class=\"wpb_wrapper\">\n\t<div class=\"wpb_text_column wpb_content_element\" >\n\t\t<div class=\"wpb_wrapper\">\n\t\t\t<h4 class=\"w-local-h\" style=\"text-align: center;\">B\u00f6lge<\/h4>\n<p>En yak\u0131n plaj 3 km uzakl\u0131ktaki \u00d6L\u00dcDEN\u0130Z PLAJI'n\u0131n \u00fcnl\u00fc kristal berrakl\u0131\u011f\u0131ndaki turkuaz sular\u0131d\u0131r. Gizem, tarih ve g\u00fczelliklerle dolu bir Likya kasabas\u0131 olan ve \u0131\u015f\u0131klar diyar\u0131 anlam\u0131na gelen Fethiye 10 km uzakl\u0131ktad\u0131r. Yukar\u0131dakilerin her ikisine de yerel ula\u015f\u0131m ile ula\u015f\u0131labilir. Dalaman havaliman\u0131ndan transfer s\u00fcresi (60 km) yakla\u015f\u0131k bir saattir\u2026<\/p>\n\n\t\t<\/div>\n\t<\/div>\n<\/div><\/div><\/div><div class=\"wpb_column vc_column_container vc_col-sm-1\"><div class=\"vc_column-inner\"><div class=\"wpb_wrapper\"><\/div><\/div><\/div><\/div><hr class=\"vertical-space3\"><\/div><\/div><\/div><\/div><\/div><\/section><section class=\"container\"><div class=\"row-wrapper-x\"><section class=\"wpb_row  aligincenter w-animate\"><div class=\"wpb_column vc_column_container vc_col-sm-12\"><div class=\"vc_column-inner\"><div class=\"wpb_wrapper\"><hr class=\"vertical-space5\"><hr class=\"vertical-space2\"><div class=\"vc_row wpb_row vc_inner vc_row-fluid\"><div class=\"wpb_column vc_column_container vc_col-sm-2\"><div class=\"vc_column-inner\"><div class=\"wpb_wrapper\"><\/div><\/div><\/div><div class=\"wpb_column vc_column_container vc_col-sm-8\"><div class=\"vc_column-inner\"><div class=\"wpb_wrapper\"><article class=\"title-plus-text type-1 center\" style=\"text-align:center\" ><h3 style=\"color:#73736b\">\u00d6ne \u00c7\u0131kan Yerler<\/h3><h2 class=\"part-1\" style=\"color:#31312c\">B\u00f6lge Hakk\u0131nda<\/h2><\/article><\/div><\/div><\/div><div class=\"wpb_column vc_column_container vc_col-sm-2\"><div class=\"vc_column-inner\"><div class=\"wpb_wrapper\"><\/div><\/div><\/div><\/div><hr class=\"vertical-space2\"><div class=\"vc_row wpb_row vc_inner vc_row-fluid w-local-blog-more vc_custom_1477294841669\"><div class=\"wpb_column vc_column_container vc_col-sm-6\"><div class=\"vc_column-inner\"><div class=\"wpb_wrapper\">\n\t<div  class=\"wpb_single_image wpb_content_element vc_align_left\">\n\t\t\n\t\t<figure class=\"wpb_wrapper vc_figure\">\n\t\t\t<div class=\"vc_single_image-wrapper   vc_box_border_grey\"><img decoding=\"async\" width=\"2000\" height=\"1341\" src=\"https:\/\/www.sarayhotelhisaronu.com\/wp-content\/uploads\/2018\/06\/Fethiye-1.jpg\" class=\"vc_single_image-img attachment-full\" alt=\"\" srcset=\"https:\/\/www.sarayhotelhisaronu.com\/wp-content\/uploads\/2018\/06\/Fethiye-1.jpg 2000w, https:\/\/www.sarayhotelhisaronu.com\/wp-content\/uploads\/2018\/06\/Fethiye-1-300x200.jpg 300w, https:\/\/www.sarayhotelhisaronu.com\/wp-content\/uploads\/2018\/06\/Fethiye-1-768x515.jpg 768w, https:\/\/www.sarayhotelhisaronu.com\/wp-content\/uploads\/2018\/06\/Fethiye-1-1024x687.jpg 1024w, https:\/\/www.sarayhotelhisaronu.com\/wp-content\/uploads\/2018\/06\/Fethiye-1-500x335.jpg 500w\" sizes=\"(max-width: 2000px) 100vw, 2000px\" \/><\/div>\n\t\t<\/figure>\n\t<\/div>\n\n\t<div class=\"wpb_text_column wpb_content_element\" >\n\t\t<div class=\"wpb_wrapper\">\n\t\t\t<h3 style=\"margin-top: 26px; font-size: 18px; font-weight: bold; text-transform: uppercase; color: #31312c;\">Fethiye<\/h3>\n<p style=\"padding-top: 1px; font-size: 15px; font-weight: 300; color: #73736b; line-height: 2;\">Mendos Da\u011f\u0131'n\u0131n eteklerinde yer alan Fethiye, Fethiye k\u00f6rfezinin k\u0131y\u0131s\u0131nda, antik Telmessos'un zirvesinde kurulmu\u015ftur. Bu nedenle kal\u0131nt\u0131lar\u0131n b\u00fcy\u00fck bir k\u0131sm\u0131 bu \u015firin il\u00e7enin alt\u0131nda kalm\u0131\u015ft\u0131r. Konaklama tesislerinin bollu\u011fu, b\u00fcy\u00fcleyici g\u00fczellikteki koylar\u0131 ve son y\u0131llarda yat turizmindeki \u00f6nemli geli\u015fme nedeniyle Fethiye, Bat\u0131 Likya b\u00f6lgesinin gezi merkezini temsil etmektedir. Dalaman havaliman\u0131na 50 kilometre uzakl\u0131kta bulunan Fethiye'ye Mu\u011fla, Denizli ve Antalya'dan karayoluyla ula\u015f\u0131labildi\u011fi gibi deniz yoluyla da ula\u015f\u0131m sa\u011flanabilmektedir. Tarih, do\u011fa ve denizle dolu olan Fethiye'de konaklayanlar, \u00e7evredeki Cadianda, P\u0131nara, Tlos, Sidyma, Xanthos, Letoon ve Patara gibi antik kentleri rahatl\u0131kla gezebilirler. Burada s\u0131cakl\u0131k 16 derecenin alt\u0131na d\u00fc\u015fm\u00fcyor ve y\u0131lda dokuz aya kadar s\u00f6rf yap\u0131labiliyor.<\/p>\n\n\t\t<\/div>\n\t<\/div>\n<\/div><\/div><\/div><div class=\"wpb_column vc_column_container vc_col-sm-6\"><div class=\"vc_column-inner\"><div class=\"wpb_wrapper\">\n\t<div  class=\"wpb_single_image wpb_content_element vc_align_left\">\n\t\t\n\t\t<figure class=\"wpb_wrapper vc_figure\">\n\t\t\t<div class=\"vc_single_image-wrapper   vc_box_border_grey\"><img decoding=\"async\" width=\"1300\" height=\"872\" src=\"https:\/\/www.sarayhotelhisaronu.com\/wp-content\/uploads\/2018\/06\/Oludeniz-Fethiye-Mugla-1.jpg\" class=\"vc_single_image-img attachment-full\" alt=\"\" srcset=\"https:\/\/www.sarayhotelhisaronu.com\/wp-content\/uploads\/2018\/06\/Oludeniz-Fethiye-Mugla-1.jpg 1300w, https:\/\/www.sarayhotelhisaronu.com\/wp-content\/uploads\/2018\/06\/Oludeniz-Fethiye-Mugla-1-300x200.jpg 300w, https:\/\/www.sarayhotelhisaronu.com\/wp-content\/uploads\/2018\/06\/Oludeniz-Fethiye-Mugla-1-768x515.jpg 768w, https:\/\/www.sarayhotelhisaronu.com\/wp-content\/uploads\/2018\/06\/Oludeniz-Fethiye-Mugla-1-1024x687.jpg 1024w, https:\/\/www.sarayhotelhisaronu.com\/wp-content\/uploads\/2018\/06\/Oludeniz-Fethiye-Mugla-1-500x335.jpg 500w\" sizes=\"(max-width: 1300px) 100vw, 1300px\" \/><\/div>\n\t\t<\/figure>\n\t<\/div>\n\n\t<div class=\"wpb_text_column wpb_content_element\" >\n\t\t<div class=\"wpb_wrapper\">\n\t\t\t<h3 style=\"margin-top: 26px; font-size: 18px; font-weight: bold; text-transform: uppercase; color: #31312c;\">OLUDEN\u0130Z<\/h3>\n<p style=\"padding-top: 1px; font-size: 15px; font-weight: 300; color: #73736b; line-height: 2;\">\u00d6l\u00fcdeniz, Fethiye'ye 17 kilometre uzakl\u0131kta olup, tarihi kadar muhte\u015fem koylar\u0131yla da \u00fcnl\u00fcd\u00fcr. Fethiye'den gelip son y\u0131llarda e\u011flence ve al\u0131\u015fveri\u015f merkezi haline gelen Hisar\u00f6n\u00fc'nden ge\u00e7ti\u011finizde, \u00d6l\u00fc Deniz'in binbir mavi tonuyla, yemye\u015fil ye\u015fillikler aras\u0131nda yer alan muhte\u015fem otellerin t\u00fcm g\u00fczellikleriyle kar\u015f\u0131la\u015facaks\u0131n\u0131z. Yaprak d\u00f6kmeyen \u00e7am a\u011fa\u00e7lar\u0131yla \u00e7evrili, hareketsiz deniziyle cenneti an\u0131msatan \u00d6l\u00fcdeniz, d\u00fcnya \u00e7ap\u0131nda tan\u0131nan bir turizm merkezidir. \u00d6l\u00fc Deniz'in hemen yan\u0131nda Belce\u011fiz'in geni\u015f kumsal\u0131 bulunmaktad\u0131r. Belce\u011fiz plaj\u0131n\u0131n yak\u0131n\u0131nda gece e\u011flencesi i\u00e7in halk\u0131 bekleyen \u00e7ok say\u0131da bar ve restoran bulunmaktad\u0131r.<\/p>\n\n\t\t<\/div>\n\t<\/div>\n<hr class=\"vertical-space5\"><\/div><\/div><\/div><\/div><div class=\"vc_row wpb_row vc_inner vc_row-fluid\"><div class=\"wpb_column vc_column_container vc_col-sm-12\"><div class=\"vc_column-inner\"><div class=\"wpb_wrapper\"><div  class=\"vc_wp_text wpb_content_element\"><div class=\"widget widget_text\">\t\t\t<div class=\"textwidget\"><p class=\" translation-block\"><strong>Kaya K\u00f6y\u00fc:<\/strong>\u00a0Kaya K\u00f6y\u00fc kilimleri y\u00fczy\u0131llard\u0131r \u00f6zel desen ve renklerle ve boyalar i\u00e7in \u00f6zel olarak kullan\u0131lan teknikle yap\u0131lm\u0131\u015ft\u0131r.<br>\nDastar: Dastar, daha \u00e7ok \u00dcz\u00fcml\u00fc K\u00f6y\u00fc'nde g\u00f6r\u00fclen el sanat\u0131d\u0131r. Bu e\u015farplarda pamuk kullan\u0131lmakta olup, d\u00fcz dokuma veya beyaz \u00fczerine beyaz desenli olarak el i\u015f\u00e7ili\u011fi ile yap\u0131lmaktad\u0131r.<br>\nKilim: D\u00fcz dokuma hal\u0131lar ve heybeler Seydiler, Atl\u0131dere, Kara\u00e7ulha ve Eldirek K\u00f6ylerinde \u00f6zel desenlerle el eme\u011fi ile yap\u0131lmaktad\u0131r.<br>\nKolan: \u00c7e\u015fitli renklere boyanm\u0131\u015f y\u00fcnden dokunan ince, uzun kemerlerdir. .<br>\nemlak kaya k\u00f6y kayak\u00f6y gayrimenkulleri kayak\u00f6y emlak kayak\u00f6y emlaklar\u0131<\/p>\n<p>K\u00fclt\u00fcr mozai\u011fi Fethiye Kalesi'nin \u00f6tesinde g\u00fcneye do\u011fru yoku\u015flara do\u011fru t\u0131rmanan 7 km'lik yolu takip ederseniz. 1922 y\u0131l\u0131na kadar Anadolu Rumlar\u0131n\u0131n ya\u015fad\u0131\u011f\u0131 muhte\u015fem bir ovaya gelebilirsiniz. Eskiden Yunanl\u0131lar kasabaya Levissi ad\u0131n\u0131 vermi\u015flerdi. Kaya K\u00f6y\u00fc, 1922 y\u0131l\u0131nda Trakya'daki T\u00fcrklerin Anadolu Rumlar\u0131yla de\u011fi\u015fimi s\u0131ras\u0131nda bo\u015falt\u0131lm\u0131\u015f ve yeni sakinler mevcut evleri almam\u0131\u015ft\u0131r. Kaya, 1923 y\u0131l\u0131ndan sonra terkedilmi\u015f bir kasaba olarak \u201cHayalet \u015eehir\u201d haline gelir.<br \/>\nT\u00fcrkiye Seyahat Acenteleri Birli\u011fi ve T\u00fcrk Mimarlar Odas\u0131'n\u0131n haz\u0131rlad\u0131\u011f\u0131 projeye g\u00f6re 2 kilise, \u015fapel, \u00e7ok say\u0131da ev, okul, k\u00fct\u00fcphane, hastane, i\u015f-d\u00fckkan ve di\u011fer yap\u0131lar yak\u0131n zamanda yenilenecek. Tadilat\u0131n ard\u0131ndan Kaya K\u00f6y\u00fc \u201cPar\u00e7a ve Dostluk K\u00f6y\u00fc\u201d olarak hizmet verecek ve sonsuza kadar korunacak.<br \/>\nFethiye'nin muhte\u015fem da\u011flar\u0131 ve ormanlar\u0131 \u00e7o\u011funlukla geli\u015fmemi\u015f olup, ola\u011fan\u00fcst\u00fc bir ya\u015fam, k\u00fclt\u00fcr, bitki \u00f6rt\u00fcs\u00fc ve fauna \u00e7e\u015fitlili\u011fi i\u00e7in harika do\u011fal koruma alanlar\u0131 olarak mevcuttur.<br \/>\nY\u00fczy\u0131llar boyunca g\u00f6\u00e7ebeler ve yar\u0131 g\u00f6\u00e7ebe halklar her y\u0131l yaz aylar\u0131nda y\u00fcksek kesimlerdeki taze otlaklara g\u00f6\u00e7 etmi\u015flerdir.<br \/>\nSeki ve Girdev \u00c7ay\u0131rlar\u0131 Toros (Toros) Da\u011flar\u0131'n\u0131n yakla\u015f\u0131k 80 km. uza\u011f\u0131ndaki muhte\u015fem pitoresk alanlardan ikisidir. Atlar\u0131 ve Ard\u0131\u00e7 a\u011fa\u00e7lar\u0131yla \u00fcnl\u00fc olan Fethiye \u0130l\u00e7e merkezine. Bo\u011falar K\u00f6y\u00fc'nde yaylalardaki k\u00fclt\u00fcr\u00fcn izlerini \u00f6l\u00fcms\u00fczle\u015ftiren, g\u00f6r\u00fclmeye de\u011fer bir Y\u00f6r\u00fck M\u00fczesi bulunmaktad\u0131r.<\/p>\n<p><strong>Uzumlu:<\/strong> \u00dcz\u00fcml\u00fc K\u00f6y\u00fc, ad\u0131ndan da anla\u015f\u0131laca\u011f\u0131 gibi halen en iyi \u00fcz\u00fcm t\u00fcrlerinin yeti\u015ftirildi\u011fi Fethiye'ye 18 kilometre uzakl\u0131ktad\u0131r. Tezgahlarda \u00fclke \u00e7ap\u0131nda \u201cDastar\u201d ad\u0131yla an\u0131lan y\u00f6resel saf pamuklu kuma\u015ftan han\u0131mlar taraf\u0131ndan dokunmaktad\u0131r.<\/p>\n<p><strong>Xanthos:\u00a0<\/strong> Political capital of Lycian Federation, Xanthos is known as the place of people who committed suicide all together for peace and freedom when Persians invaded town in 546 BC. Sir Charles Fellows first discovered Xanthos in 1838 and all relieves and unlikely beautiful Nereid\u2019s Monuments were carried to London\u2014British Museum. The ruins still standing in the city, which is at present location of K\u0131n\u0131k Village on the road from Fethiye to Ka\u015f Town, are splendid samples of the\u00a0Lycian Civilisation.<\/p>\n<p><strong>Kadyanda<\/strong> Cadianda Antik Kenti, \u00dcz\u00fcml\u00fc K\u00f6y\u00fc'nde, yakla\u015f\u0131k 20 Km. Fethiye'den. Antik \u00e7a\u011flardan kalma Tepeg\u00f6z Surlar\u0131'n\u0131n en g\u00fczel \u00f6rnekleri, spor kompleksi, tiyatro ve Heroon benzeri tap\u0131nak tipi mezarlar g\u00f6r\u00fclmeye de\u011ferdir.<br \/>\nTlos: Located at 28 km. from Fethiye, Tlos is one of the oldest residential areas of Lycia and one of the few cities, which continued its existence up to the 19th Century. Tlos is known as \u201cthe sport centre\u201d of Lycian Federation and was the home of mythological winged horse Pegasus and his hero Bellorophonte. Acropolis, temple type tomb of Bellorophonte, Stadium\u2014bath complex, and theatre are some of the structures coming from early periods of Tlos.<\/p>\n<p><strong>Pinara:<\/strong>Likyal\u0131lar\u0131n \u201cG\u00fczellik Merkezi\u201d P\u0131nara, Minare K\u00f6y\u00fc yolu \u00fczerinde olup, Fethiye-Ka\u015f karayolundan ayr\u0131lan k\u0131sa bir yolla ula\u015f\u0131labilir. Tepenin yamac\u0131na oyulmu\u015f basit mezarlar gibi \u00e7ok say\u0131da G\u00fcvercin Yuvas\u0131 ve ocak planl\u0131 Afrodit Tap\u0131na\u011f\u0131 muhtemelen P\u0131nara'n\u0131n g\u00f6r\u00fclmesi gereken en ilgin\u00e7 kal\u0131nt\u0131lar\u0131d\u0131r.<br \/>\n<strong><br \/>\nKelebekler Vadisi<\/strong> Pieri Rapos, Euglapia Quadripunctia, Danaus Chtsippus ve di\u011ferleri... Kelebekler Vadisi, Fethiye'nin en g\u00fczel koylar\u0131ndan biri olan derin ve keskin bir vadinin dibinde yer almaktad\u0131r. \u0130lkbahar\u0131n gelmesiyle birlikte yakla\u015f\u0131k 9-10 ay boyunca vadide 40'tan fazla kelebek t\u00fcr\u00fc g\u00f6zlemlenebiliyor.<\/p>\n<p><strong>Sakl\u0131kent<\/strong> Fethiye'nin yukar\u0131s\u0131ndaki da\u011flarda h\u0131zla akan sel, da\u011flar\u0131n aras\u0131ndan dar bir bo\u011faz\u0131\/kanyonu keserek Sakl\u0131kent Ge\u00e7idi'ni olu\u015fturur. S\u0131cak yaz g\u00fcnlerinde serin bir s\u0131\u011f\u0131nak olan Sakl\u0131kent Kanyonu, leziz taze alabal\u0131k servis eden rustik restoranlar\u0131yla g\u00f6zde bir piknik noktas\u0131d\u0131r.<\/p>\n<\/div>\n\t\t<\/div><\/div><\/div><\/div><\/div><\/div><\/div><\/div><\/div><\/section>","protected":false},"excerpt":{"rendered":"Local Attractions Join our daily tours to find and enjoy best Hisaronu city local attractions AREA The nearest beach which is 3 km away is the famous beautiful crystal clear turquoise waters of OLUDENIZ BEACH Fethiye, a Lycian town of mystery, history and beauty and means the land of lights, is 10 km away. Both of the above can be reached by local transport Transfer time from Dalaman airport (60 km) is approximately one hour... Featured LocationsAbout Area Fethiye Situated on the slopes of Mendos Mountain, Fethiye was established on the top of ancient Telmessos on the shore of Fethiye gulf. For this reason, the majority of the ruins have remained under this quaint district. Because of the abundance of acoomodation facilities, captivatingly beautiful coves and significant development in yacht tourism in recent years, Fethiye represents the center of excursion in the Western Lycian region. Fethiye,which is located 50 kilometers from Dalaman airport, can be reached by highway from Mu\u011fla, Denizli and Antalya and can also be reached by sea. Those staying in Fethiye, which chock full of history, nature and sea, can easily wander out to the ancient cities in the vicinity, such as Cadianda, P\u0131nara, Tlos, Sidyma, Xanthos, Letoon and Patara. Here, the temperature does not go below 16 C, and one can frolic in the surf for up to nine months a year OLUDEN\u0130Z Oludeniz is situated 17 kilometers from Fethiye and is famous for its splendid coves as well as its history. One you come from Fethiye and pass through hisar\u00f6n\u00fc, which has become an entertainment and shopping center in recent years, you will encounter \u00d6l\u00fc Deniz' myriad of blue hues with all the beauty of the splendid hotels nestled amongst the lush greeny. \u00d6l\u00fcdeniz , which reminds one of paradise with its motionless sea surrounded... <br><br><a class=\"readmore\" href=\"https:\/\/www.sarayhotelhisaronu.com\/tr\/local\/\">Continue Reading<\/a>","protected":false},"author":1,"featured_media":0,"parent":0,"menu_order":0,"comment_status":"closed","ping_status":"closed","template":"","meta":{"footnotes":""},"_links":{"self":[{"href":"https:\/\/www.sarayhotelhisaronu.com\/tr\/wp-json\/wp\/v2\/pages\/339"}],"collection":[{"href":"https:\/\/www.sarayhotelhisaronu.com\/tr\/wp-json\/wp\/v2\/pages"}],"about":[{"href":"https:\/\/www.sarayhotelhisaronu.com\/tr\/wp-json\/wp\/v2\/types\/page"}],"author":[{"embeddable":true,"href":"https:\/\/www.sarayhotelhisaronu.com\/tr\/wp-json\/wp\/v2\/users\/1"}],"replies":[{"embeddable":true,"href":"https:\/\/www.sarayhotelhisaronu.com\/tr\/wp-json\/wp\/v2\/comments?post=339"}],"version-history":[{"count":1,"href":"https:\/\/www.sarayhotelhisaronu.com\/tr\/wp-json\/wp\/v2\/pages\/339\/revisions"}],"predecessor-version":[{"id":12719,"href":"https:\/\/www.sarayhotelhisaronu.com\/tr\/wp-json\/wp\/v2\/pages\/339\/revisions\/12719"}],"wp:attachment":[{"href":"https:\/\/www.sarayhotelhisaronu.com\/tr\/wp-json\/wp\/v2\/media?parent=339"}],"curies":[{"name":"wp","href":"https:\/\/api.w.org\/{rel}","templated":true}]}}