{"id":10675,"date":"2016-09-03T07:16:25","date_gmt":"2016-09-03T07:16:25","guid":{"rendered":"http:\/\/webnus.net\/themes\/hotella-new\/athens\/?page_id=5"},"modified":"2023-12-07T09:57:01","modified_gmt":"2023-12-07T09:57:01","slug":"about","status":"publish","type":"page","link":"https:\/\/www.sarayhotelhisaronu.com\/tr\/about\/","title":{"rendered":"Hakk\u0131m\u0131zda"},"content":{"rendered":"<\/div><\/section><section  class=\"parallax-sec  dark  blox  page-title-x   w-top-se w-animate\" style=\" padding-top:px; padding-bottom:px;  background: url('https:\/\/www.sarayhotelhisaronu.com\/wp-content\/uploads\/2018\/06\/01-1.jpg') no-repeat center; background-size: cover; min-height:490px; \" data-stellar-background-ratio=\"0.8\"><div class=\"max-overlay\" style=\"background-color:\"><\/div><div data-stellar-ratio=\"1\" class=\"wpb_row vc_row-fluid\"><div class=\"container\"><div class=\"wpb_column vc_column_container vc_col-sm-12\"><div class=\"vc_column-inner\"><div class=\"wpb_wrapper\"><h2 class=\"big-title1\">Saray Hotel Hisaronu<\/h2><article class=\"title-plus-text type-3\" style=\"text-align:\" ><h3 style=\"color:#de2f68\">SARAY, resmi olarak \u00fc\u00e7 y\u0131ld\u0131z olarak s\u0131n\u0131fland\u0131r\u0131ld\u0131<\/h3><\/article><hr class=\"vertical-space5\"><hr class=\"vertical-space1\"><hr class=\"vertical-space5\"><hr class=\"vertical-space5\"><\/div><\/div><\/div><\/div><\/div><\/section><section class=\"container\"><div class=\"row-wrapper-x\"><section class=\"wpb_row   w-animate\"><div class=\"wpb_column vc_column_container vc_col-sm-12\"><div class=\"vc_column-inner\"><div class=\"wpb_wrapper\"><hr class=\"vertical-space2\"><div class=\"vc_row wpb_row vc_inner vc_row-fluid\"><div class=\"wpb_column vc_column_container vc_col-sm-2\"><div class=\"vc_column-inner\"><div class=\"wpb_wrapper\"><\/div><\/div><\/div><div class=\"wpb_column vc_column_container vc_col-sm-8\"><div class=\"vc_column-inner\"><div class=\"wpb_wrapper\"><article class=\"title-plus-text type-1 center\" style=\"text-align:center\" ><h3 style=\"color:#73736b\">Evinizde gibi hissedeceksiniz<\/h3><h2 class=\"part-1\" style=\"color:#31312c\">Saray<\/h2><h2 class=\"part-2\" style=\"color:#de2f68\">Hotel<\/h2><p>Saray Hotel, t\u00fcm tatil olanaklar\u0131na kolayca ula\u015f\u0131labilecek merkezi bir konumda yer almaktad\u0131r. Kompleks ho\u015f ve davetkar bir atmosfer sa\u011flar ve g\u00fcler y\u00fczl\u00fc hizmet ile tamamlanan sade bir konaklama imkan\u0131 sunar.<\/p><\/article><\/div><\/div><\/div><div class=\"wpb_column vc_column_container vc_col-sm-2\"><div class=\"vc_column-inner\"><div class=\"wpb_wrapper\"><\/div><\/div><\/div><\/div><div class=\"vc_row wpb_row vc_inner vc_row-fluid\"><div class=\"w-about-manager wpb_column vc_column_container vc_col-sm-12\"><div class=\"vc_column-inner\"><div class=\"wpb_wrapper\"><article class=\"title-plus-text type-1\" style=\"text-align:\" ><p>Saray Hotel, g\u00fczel bah\u00e7eleri ve keyifli havuz alan\u0131yla \u015firin bir yerdir. Konforlu otel konuk odalar\u0131na sahip, son derece samimi ve sosyal olan, ayr\u0131ca D\u00fc\u011f\u00fcn Paketi olana\u011f\u0131 sunan harika bir kompleks se\u00e7ene\u011fi. Tesis, hareketli yerel karakteri ve g\u00fczel plajlar\u0131yla Hisar\u00f6n\u00fc k\u00f6y\u00fcn\u00fcn merkezine sadece 400 metre mesafededir. Bu kompleksi \u00e7evreleyen, s\u0131cak ve davetkar atmosferi art\u0131ran \u00e7ok ho\u015f da\u011f manzaralar\u0131 vard\u0131r. Saray'a rezervasyon yapt\u0131r\u0131n, g\u00fcne\u015fin alt\u0131nda dinlenin, b\u00fct\u00e7enize de \u00e7ok iyi gelecek! Otele Ula\u015f\u0131m: Dalaman Havaliman\u0131 60 km olup transfer s\u00fcresi 1 saattir. Yerel \u0130pu\u00e7lar\u0131: Mavi Lag\u00fcn ve Fethiye kasabas\u0131 ve liman\u0131na (10 km) gezilerle d\u0131\u015far\u0131 \u00e7\u0131k\u0131n. L\u00fctfen Dikkat \u2013 Fiyatlar T\u00fcrk pasaportu sahipleri i\u00e7in ge\u00e7erli de\u011fildir. TES\u0130SLER: Havuz, oyun alan\u0131 ve samimi bir bar alan\u0131yla harika geleneksel aile e\u011flencesi. Yeme, i\u00e7me ve e\u011flence: A\u00e7\u0131k ve kapal\u0131 oturma alan\u0131na sahip restoran, bar, havuz ba\u015f\u0131 bar, snack bar ve lobi alan\u0131. Spor, oyunlar ve aktiviteler: G\u00fcne\u015flenme teraslar\u0131, \u00e7ocuk b\u00f6l\u00fcm\u00fc ve sauna bulunan y\u00fczme havuzu. \u00c7ocuklar i\u00e7in: Aile havuzunda \u00e7ocuk b\u00f6l\u00fcm\u00fc ve bah\u00e7elerde \u00e7ocuk oyun alan\u0131 bulunmaktad\u0131r. Ek: Bilgilendirme ve temizlik hizmetleri i\u00e7eren resepsiyon hizmeti.<\/p><\/article>\n\t<div  class=\"wpb_single_image wpb_content_element vc_align_left\">\n\t\t\n\t\t<figure class=\"wpb_wrapper vc_figure\">\n\t\t\t<div class=\"vc_single_image-wrapper   vc_box_border_grey\"><\/div>\n\t\t<\/figure>\n\t<\/div>\n<\/div><\/div><\/div><\/div><hr class=\"vertical-space1\">\n\t<div  class=\"wpb_single_image wpb_content_element vc_align_center  vc_custom_1528966944572\">\n\t\t\n\t\t<figure class=\"wpb_wrapper vc_figure\">\n\t\t\t<div class=\"vc_single_image-wrapper   vc_box_border_grey\"><img decoding=\"async\" width=\"1400\" height=\"517\" src=\"https:\/\/www.sarayhotelhisaronu.com\/wp-content\/uploads\/2018\/06\/299.jpg\" class=\"vc_single_image-img attachment-full\" alt=\"\" srcset=\"https:\/\/www.sarayhotelhisaronu.com\/wp-content\/uploads\/2018\/06\/299.jpg 1400w, https:\/\/www.sarayhotelhisaronu.com\/wp-content\/uploads\/2018\/06\/299-300x111.jpg 300w, https:\/\/www.sarayhotelhisaronu.com\/wp-content\/uploads\/2018\/06\/299-768x284.jpg 768w, https:\/\/www.sarayhotelhisaronu.com\/wp-content\/uploads\/2018\/06\/299-1024x378.jpg 1024w, https:\/\/www.sarayhotelhisaronu.com\/wp-content\/uploads\/2018\/06\/299-500x185.jpg 500w\" sizes=\"(max-width: 1400px) 100vw, 1400px\" \/><\/div>\n\t\t<\/figure>\n\t<\/div>\n<hr class=\"vertical-space2\"><div class=\"vc_row wpb_row vc_inner vc_row-fluid about-after-iamge1 vc_custom_1473053714823\"><div class=\"about-left-content wpb_column vc_column_container vc_col-sm-6\"><div class=\"vc_column-inner\"><div class=\"wpb_wrapper\">\n\t<div class=\"wpb_text_column wpb_content_element\" >\n\t\t<div class=\"wpb_wrapper\">\n\t\t\t<p>Yak\u0131n zamanda yenilenmi\u015f \u00c7ift Ki\u015filik\/\u0130ki Yatakl\u0131 odalar ve 2 yeti\u015fkin ve 2 \u00e7ocu\u011fun kalabilece\u011fi Aile Odalar\u0131. Tamam\u0131nda klima, mini buzdolab\u0131, TV, telefon, kasa, sa\u00e7 kurutma makinesi, \u00f6zel banyo ve a\u00e7\u0131k havada ya\u015famak i\u00e7in balkon bulunmaktad\u0131r.<\/p>\n\n\t\t<\/div>\n\t<\/div>\n<\/div><\/div><\/div><div class=\"about-right-content wpb_column vc_column_container vc_col-sm-6\"><div class=\"vc_column-inner\"><div class=\"wpb_wrapper\">\n\t<div class=\"wpb_text_column wpb_content_element\" >\n\t\t<div class=\"wpb_wrapper\">\n\t\t\t<p>Odalarda \u00e7ift ki\u015filik veya ikiz yatak (gerekti\u011finde ilave katlan\u0131r yatak mevcuttur), uydu televizyon, klima (yerinde \u00f6denir), kasa (yerinde \u00f6denir), minibar (yerel olarak \u00f6denir), sa\u00e7 kurutma makinesi, du\u015f odas\u0131 ve balkon veya teras bulunur.<\/p>\n<p>Also available: Family rooms have a double or twin bedroom, and separate area with folding beds. A limited number of rooms for sole use.<\/p>\n\n\t\t<\/div>\n\t<\/div>\n<\/div><\/div><\/div><\/div><hr class=\"vertical-space1\"><hr class=\"vertical-space1\"><\/div><\/div><\/div><\/section><\/div><\/section><section  class=\"parallax-sec  dark  blox  page-title-x   aligncenter w-information-se w-animate\" style=\" padding-top:px; padding-bottom:px;  background: url('https:\/\/www.sarayhotelhisaronu.com\/wp-content\/uploads\/2018\/06\/IMG_0219.jpg') no-repeat center; background-size: cover; min-height:530px; \" data-stellar-background-ratio=\"0.8\"><div class=\"max-overlay\" style=\"background-color:\"><\/div><div data-stellar-ratio=\"1\" class=\"wpb_row vc_row-fluid\"><div class=\"container\"><div class=\"wpb_column vc_column_container vc_col-sm-12\"><div class=\"vc_column-inner\"><div class=\"wpb_wrapper\"><hr class=\"vertical-space5\"><hr class=\"vertical-space4\"><div class=\"vc_row wpb_row vc_inner vc_row-fluid\"><div class=\"wpb_column vc_column_container vc_col-sm-3\"><div class=\"vc_column-inner\"><div class=\"wpb_wrapper\"><\/div><\/div><\/div><div class=\"wpb_column vc_column_container vc_col-sm-6\"><div class=\"vc_column-inner\"><div class=\"wpb_wrapper\">\n\t<div class=\"wpb_text_column wpb_content_element\" >\n\t\t<div class=\"wpb_wrapper\">\n\t\t\t<h3 style=\"text-align: center;\"><strong>Got A Question?<\/strong><\/h3>\n<p style=\"text-align: center;\">We\u2019re here to help. Check out our guest book, send us an email or call us at<br \/>\n+90 252 6167399<\/p>\n\n\t\t<\/div>\n\t<\/div>\n<\/div><\/div><\/div><div class=\"wpb_column vc_column_container vc_col-sm-3\"><div class=\"vc_column-inner\"><div class=\"wpb_wrapper\"><\/div><\/div><\/div><\/div><a href=\"https:\/\/www.sarayhotelhisaronu.com\/tr\/contact\/\" class=\"button theme-skin rounded large\" target=\"_blank\">GO TO CONTACT PAGE<\/a><hr class=\"vertical-space5\"><\/div><\/div><\/div><\/div><\/div><\/section><section class=\"container\"><div class=\"row-wrapper-x\">","protected":false},"excerpt":{"rendered":"Saray Hotel HisaronuThe SARAY, officially classified as three starsFell like your homeSarayHotelThe Saray Hotel is situated in a central location within easy reach of all resort amenities. The complex provides a pleasant, welcoming atmosphere and offers homely accommodation complemented by friendly service.Saray Hotel is a pretty place with lovely gardens and a delightful pool area. A great choice of complex with comfortable hotel guest rooms, very friendly and sociable with a Wedding Package facility offered too. The resort is just 400 metres away from the centre of Hisaronu village with its lively local character and beautiful beaches. There are very pleasant mountain views surrounding this complex which enhance the warm and welcoming atmosphere. Book Saray, relax in the sun and it'll be kind to your budget too! Getting to the hotel: Dalaman Airport is 60 km and the transfer time is 1 hour. Local Tips: Get out and about with trips to the Blue Lagoon and Fethiye town and harbour \u2013 10km. Please Note \u2013 Rates are not valid for Turkish passport holders. FACILITIES:Great traditional family fun with the pool, a playground and a friendly bar area. Food, drink and entertainment: Restaurant with indoor and outdoor seating, bar, poolside bar, snack bar and a lobby area. Sport, games and activities: Swimming pool with sun terraces and a children's section and a sauna. For the kids: Children's section in the family pool and the gardens have a children's playground. Additional: Reception service with information and housekeeping. Newly refurbished Double\/Twin rooms and Family Rooms that can take 2 adults and 2 children. All feature air-conditioning, mini fridge, TV, telephone, safe box, a hair dryer, private bathroom and a balcony for some outdoor living. Rooms have a double or twin beds (extra folding bed available if required), satellite television, air conditioning (payable locally),... <br><br><a class=\"readmore\" href=\"https:\/\/www.sarayhotelhisaronu.com\/tr\/about\/\">Continue Reading<\/a>","protected":false},"author":1,"featured_media":0,"parent":0,"menu_order":0,"comment_status":"closed","ping_status":"closed","template":"","meta":{"footnotes":""},"_links":{"self":[{"href":"https:\/\/www.sarayhotelhisaronu.com\/tr\/wp-json\/wp\/v2\/pages\/10675"}],"collection":[{"href":"https:\/\/www.sarayhotelhisaronu.com\/tr\/wp-json\/wp\/v2\/pages"}],"about":[{"href":"https:\/\/www.sarayhotelhisaronu.com\/tr\/wp-json\/wp\/v2\/types\/page"}],"author":[{"embeddable":true,"href":"https:\/\/www.sarayhotelhisaronu.com\/tr\/wp-json\/wp\/v2\/users\/1"}],"replies":[{"embeddable":true,"href":"https:\/\/www.sarayhotelhisaronu.com\/tr\/wp-json\/wp\/v2\/comments?post=10675"}],"version-history":[{"count":1,"href":"https:\/\/www.sarayhotelhisaronu.com\/tr\/wp-json\/wp\/v2\/pages\/10675\/revisions"}],"predecessor-version":[{"id":12718,"href":"https:\/\/www.sarayhotelhisaronu.com\/tr\/wp-json\/wp\/v2\/pages\/10675\/revisions\/12718"}],"wp:attachment":[{"href":"https:\/\/www.sarayhotelhisaronu.com\/tr\/wp-json\/wp\/v2\/media?parent=10675"}],"curies":[{"name":"wp","href":"https:\/\/api.w.org\/{rel}","templated":true}]}}